{"id":418,"date":"2024-12-31T17:06:09","date_gmt":"2024-12-31T16:06:09","guid":{"rendered":"https:\/\/staging.solutionlegtechnika.hu\/?page_id=418"},"modified":"2024-12-31T17:06:09","modified_gmt":"2024-12-31T16:06:09","slug":"impresszum","status":"publish","type":"page","link":"https:\/\/staging.solutionlegtechnika.hu\/?page_id=418","title":{"rendered":"Impresszum"},"content":{"rendered":"\n<p><\/p>\n\n\n\n<h4 class=\"wp-block-heading\">1. A KAPCSOLATTART\u00c1S FORM\u00c1JA<\/h4>\n\n\n\n<p>A Solution L\u00e9gkezel\u0151 Kft.&nbsp;\u00fcgyfeleivel \u00e9s \u00e9rdekl\u0151d\u0151ivel&nbsp;<strong>els\u0151sorban e-mailen kereszt\u00fcl<\/strong>&nbsp;tartja a kapcsolatot a kapcsolati oldalon megadott t\u00e9mak\u00f6r\u00f6kben illetve a +36 30 947 9137 telefonsz\u00e1mon.<\/p>\n\n\n\n<h4 class=\"wp-block-heading\">2. AZ \u00dcZEMELTET\u0150 ADATAI<\/h4>\n\n\n\n<p>Az \u00fczemeltet\u0151 neve: Solution L\u00e9gkezel\u0151 Kft.&nbsp;<\/p>\n\n\n\n<p>Az \u00fczemeltet\u0151 sz\u00e9khelye: 8284 Nemesgul\u00e1cs, J\u00f3zsef Attila utca 73<\/p>\n\n\n\n<p>Az \u00fczemeltet\u0151 el\u00e9rhet\u0151s\u00e9ge:&nbsp;<\/p>\n\n\n\n<ul class=\"wp-block-list\">\n<li>Email:\u00a0<a href=\"mailto:info@solutionlegkezelo.hu\">info@solutionlegkezelo.hu<\/a><\/li>\n\n\n\n<li>Telefon: +36 30 947 9137<\/li>\n<\/ul>\n\n\n\n<p>A szolg\u00e1ltat\u00f3t nyilv\u00e1ntart\u00e1sba vev\u0151 hat\u00f3s\u00e1g: F\u0151v\u00e1rosi T\u00f6rv\u00e9nysz\u00e9k C\u00e9gb\u00edr\u00f3s\u00e1ga<\/p>\n\n\n\n<p>Ad\u00f3sz\u00e1m: 27340426-2-41<\/p>\n\n\n\n<p>C\u00e9gjegyz\u00e9ksz\u00e1m: 01-09-354889<\/p>\n\n\n\n<h4 class=\"wp-block-heading\">3. AZ \u00dcZEMELTET\u0150 WEBOLDAL\u00c1NAK T\u00c1RHELYSZOLG\u00c1LTAT\u00d3JA<\/h4>\n\n\n\n<p><strong>Szolg\u00e1ltat\u00f3 neve:<\/strong>&nbsp;Sybell Informatika Kft.<br><strong>Szolg\u00e1ltat\u00f3 c\u00edme:<\/strong>&nbsp;1158 Budapest, K\u00e9sm\u00e1rk u. 7\/B 2. em. 206.<br><strong>Telefon:<\/strong>&nbsp;+36 1 707 67 27<br><strong>E-mail:<\/strong>&nbsp;<a href=\"mailto:info@sybell.hu\">info@sybell.hu<\/a><br><strong>Web:<\/strong>&nbsp;<a href=\"http:\/\/www.sybell.hu\/\">www.sybell.hu<\/a><\/p>\n\n\n\n<p><\/p>\n","protected":false},"excerpt":{"rendered":"<p>1. A KAPCSOLATTART\u00c1S FORM\u00c1JA A Solution L\u00e9gkezel\u0151 Kft.&nbsp;\u00fcgyfeleivel \u00e9s \u00e9rdekl\u0151d\u0151ivel&nbsp;els\u0151sorban e-mailen kereszt\u00fcl&nbsp;tartja a kapcsolatot a kapcsolati oldalon megadott t\u00e9mak\u00f6r\u00f6kben illetve a +36 30 947 9137 telefonsz\u00e1mon. 2. AZ \u00dcZEMELTET\u0150 ADATAI Az \u00fczemeltet\u0151 neve: Solution L\u00e9gkezel\u0151 Kft.&nbsp; Az \u00fczemeltet\u0151 sz\u00e9khelye: 8284 Nemesgul\u00e1cs, J\u00f3zsef Attila utca 73 Az \u00fczemeltet\u0151 el\u00e9rhet\u0151s\u00e9ge:&nbsp; A szolg\u00e1ltat\u00f3t nyilv\u00e1ntart\u00e1sba vev\u0151 hat\u00f3s\u00e1g: F\u0151v\u00e1rosi T\u00f6rv\u00e9nysz\u00e9k [&hellip;]<\/p>\n","protected":false},"author":1,"featured_media":0,"parent":0,"menu_order":0,"comment_status":"closed","ping_status":"closed","template":"","meta":{"_seopress_robots_primary_cat":"","_seopress_titles_title":"","_seopress_titles_desc":"","_seopress_robots_index":"","footnotes":""},"class_list":["post-418","page","type-page","status-publish","hentry"],"_links":{"self":[{"href":"https:\/\/staging.solutionlegtechnika.hu\/index.php?rest_route=\/wp\/v2\/pages\/418","targetHints":{"allow":["GET"]}}],"collection":[{"href":"https:\/\/staging.solutionlegtechnika.hu\/index.php?rest_route=\/wp\/v2\/pages"}],"about":[{"href":"https:\/\/staging.solutionlegtechnika.hu\/index.php?rest_route=\/wp\/v2\/types\/page"}],"author":[{"embeddable":true,"href":"https:\/\/staging.solutionlegtechnika.hu\/index.php?rest_route=\/wp\/v2\/users\/1"}],"replies":[{"embeddable":true,"href":"https:\/\/staging.solutionlegtechnika.hu\/index.php?rest_route=%2Fwp%2Fv2%2Fcomments&post=418"}],"version-history":[{"count":1,"href":"https:\/\/staging.solutionlegtechnika.hu\/index.php?rest_route=\/wp\/v2\/pages\/418\/revisions"}],"predecessor-version":[{"id":419,"href":"https:\/\/staging.solutionlegtechnika.hu\/index.php?rest_route=\/wp\/v2\/pages\/418\/revisions\/419"}],"wp:attachment":[{"href":"https:\/\/staging.solutionlegtechnika.hu\/index.php?rest_route=%2Fwp%2Fv2%2Fmedia&parent=418"}],"curies":[{"name":"wp","href":"https:\/\/api.w.org\/{rel}","templated":true}]}}